{"id":51,"date":"2023-04-03T15:47:55","date_gmt":"2023-04-03T13:47:55","guid":{"rendered":"http:\/\/jelitto.pl\/?page_id=51"},"modified":"2023-04-03T16:52:03","modified_gmt":"2023-04-03T14:52:03","slug":"blog","status":"publish","type":"page","link":"https:\/\/jelitto.pl\/index.php\/blog\/","title":{"rendered":"Blog"},"content":{"rendered":"\n<p>Mo\u017ce kiedy\u015b napisz\u0119 tu co\u015b ciekawego. Dzi\u015b na pewno nie.<\/p>\n","protected":false},"excerpt":{"rendered":"<p>Mo\u017ce kiedy\u015b napisz\u0119 tu co\u015b ciekawego. Dzi\u015b na pewno nie.<\/p>\n","protected":false},"author":1,"featured_media":0,"parent":0,"menu_order":0,"comment_status":"closed","ping_status":"closed","template":"","meta":{"footnotes":""},"class_list":["post-51","page","type-page","status-publish","hentry","entry"],"_links":{"self":[{"href":"https:\/\/jelitto.pl\/index.php\/wp-json\/wp\/v2\/pages\/51","targetHints":{"allow":["GET"]}}],"collection":[{"href":"https:\/\/jelitto.pl\/index.php\/wp-json\/wp\/v2\/pages"}],"about":[{"href":"https:\/\/jelitto.pl\/index.php\/wp-json\/wp\/v2\/types\/page"}],"author":[{"embeddable":true,"href":"https:\/\/jelitto.pl\/index.php\/wp-json\/wp\/v2\/users\/1"}],"replies":[{"embeddable":true,"href":"https:\/\/jelitto.pl\/index.php\/wp-json\/wp\/v2\/comments?post=51"}],"version-history":[{"count":2,"href":"https:\/\/jelitto.pl\/index.php\/wp-json\/wp\/v2\/pages\/51\/revisions"}],"predecessor-version":[{"id":101,"href":"https:\/\/jelitto.pl\/index.php\/wp-json\/wp\/v2\/pages\/51\/revisions\/101"}],"wp:attachment":[{"href":"https:\/\/jelitto.pl\/index.php\/wp-json\/wp\/v2\/media?parent=51"}],"curies":[{"name":"wp","href":"https:\/\/api.w.org\/{rel}","templated":true}]}}